{"id":19,"date":"2016-12-17T18:01:22","date_gmt":"2016-12-17T18:01:22","guid":{"rendered":"http:\/\/freundeskreis-gsm-sha.de\/?page_id=19"},"modified":"2016-12-17T18:01:22","modified_gmt":"2016-12-17T18:01:22","slug":"links","status":"publish","type":"page","link":"https:\/\/www.freundeskreis-gsm-sha.de\/?page_id=19","title":{"rendered":"Links"},"content":{"rendered":"<div class=\"entry-content\">\n<p><span class=\"Apple-style-span\">Erkl\u00e4ung zu allen auf diesen Seiten angebrachten Links:<\/span><\/p>\n<p>Mit Urteil vom 12. Mai 1998 hat das Landgericht Hamburg entschieden, dass man durch die Ausbringung eines Links die Inhalte der gelinkten Seite ggf. mit zu verantworten hat. Dies kann \u2013 so das LG \u2013 nur dadurch verhindert werden, dass man sich ausdr\u00fccklich von diesen Inhalten distanziert:<\/p>\n<p>*Wir haben auf unserer Web-Site Links zu anderen Seiten im Internet gelegt. F\u00fcr all diese Links gilt: Wir m\u00f6chten ausdr\u00fccklich betonen, dass wir keinerlei Einfluss auf die Gestaltung und die Inhalte der gelinkten Seiten haben.<\/p>\n<p>*Deshalb distanzieren wir uns hiermit ausdr\u00fccklich von allen Inhalten aller aufgef\u00fchrten Seiten und machen uns ihre Inhalte nicht zueigen.<\/p>\n<p>*Diese Erkl\u00e4rung gilt f\u00fcr alle auf unserer Web-Site ausgebrachten Links.<\/p>\n<\/div>\n","protected":false},"excerpt":{"rendered":"<p>Erkl\u00e4ung zu allen auf diesen Seiten angebrachten Links: Mit Urteil vom 12. Mai 1998 hat das Landgericht Hamburg entschieden, dass man durch die Ausbringung eines Links die Inhalte der gelinkten Seite ggf. mit zu verantworten hat. Dies kann \u2013 so das LG \u2013 nur dadurch verhindert werden, dass man sich ausdr\u00fccklich von diesen Inhalten distanziert: &hellip; <\/p>\n<p class=\"link-more\"><a href=\"https:\/\/www.freundeskreis-gsm-sha.de\/?page_id=19\" class=\"more-link\"><span class=\"screen-reader-text\">\u201eLinks\u201c<\/span> weiterlesen<\/a><\/p>\n","protected":false},"author":1,"featured_media":0,"parent":11,"menu_order":2,"comment_status":"closed","ping_status":"closed","template":"","meta":[],"_links":{"self":[{"href":"https:\/\/www.freundeskreis-gsm-sha.de\/index.php?rest_route=\/wp\/v2\/pages\/19"}],"collection":[{"href":"https:\/\/www.freundeskreis-gsm-sha.de\/index.php?rest_route=\/wp\/v2\/pages"}],"about":[{"href":"https:\/\/www.freundeskreis-gsm-sha.de\/index.php?rest_route=\/wp\/v2\/types\/page"}],"author":[{"embeddable":true,"href":"https:\/\/www.freundeskreis-gsm-sha.de\/index.php?rest_route=\/wp\/v2\/users\/1"}],"replies":[{"embeddable":true,"href":"https:\/\/www.freundeskreis-gsm-sha.de\/index.php?rest_route=%2Fwp%2Fv2%2Fcomments&post=19"}],"version-history":[{"count":1,"href":"https:\/\/www.freundeskreis-gsm-sha.de\/index.php?rest_route=\/wp\/v2\/pages\/19\/revisions"}],"predecessor-version":[{"id":20,"href":"https:\/\/www.freundeskreis-gsm-sha.de\/index.php?rest_route=\/wp\/v2\/pages\/19\/revisions\/20"}],"up":[{"embeddable":true,"href":"https:\/\/www.freundeskreis-gsm-sha.de\/index.php?rest_route=\/wp\/v2\/pages\/11"}],"wp:attachment":[{"href":"https:\/\/www.freundeskreis-gsm-sha.de\/index.php?rest_route=%2Fwp%2Fv2%2Fmedia&parent=19"}],"curies":[{"name":"wp","href":"https:\/\/api.w.org\/{rel}","templated":true}]}}