{"id":11,"date":"2016-12-17T17:16:50","date_gmt":"2016-12-17T17:16:50","guid":{"rendered":"http:\/\/freundeskreis-gsm-sha.de\/?page_id=11"},"modified":"2018-05-24T14:52:29","modified_gmt":"2018-05-24T12:52:29","slug":"home","status":"publish","type":"page","link":"https:\/\/www.freundeskreis-gsm-sha.de\/","title":{"rendered":"Home"},"content":{"rendered":"<p>Liebe Ehemalige!<\/p>\n<p>Unser Freundeskreis alter Haller Penn\u00e4ler e.V.,\u00a0Gymnasium bei St. Michael\u201c unterst\u00fctzt unsere alte Schule\u00a0ideell und finanziell. Er ist die beste Einrichtung, um den Kontakt von alten und jungen Sch\u00fclern aufrecht zu erhalten. Dazu brauchen wir aber Ihre Unterst\u00fctzung.<\/p>\n<p>Wir lassen Ihnen diesen Vordruck f\u00fcr die Beitrittserkl\u00e4rung zugehen mit der Bitte, ihn nicht zu verlegen, sondern ausgef\u00fcllt an uns zur\u00fcckzusenden. &gt;&gt;<a href=\"https:\/\/www.freundeskreis-gsm-sha.de\/wp-content\/uploads\/2018\/05\/FreundeskreisBeitrittserklaerung.pdf\" target=\"_blank\">download<\/a>&lt;&lt;<\/p>\n<p>Sie k\u00f6nnen Ihren Beitritt aber auch per E-Mail erkl\u00e4ren. Ausgef\u00fclltes Dokument einfach als\u00a0Anhang versenden.<\/p>\n<p><a href=\"mailto:freundeskreis@gsm-sha.de\">freundeskreis@gsm-sha.de<\/a><\/p>\n<p>Oder einfach&gt;&gt;<a href=\"https:\/\/www.freundeskreis-gsm-sha.de\/?page_id=38\">hier<\/a>&lt;&lt; online ausf\u00fcllen.<\/p>\n<p>Als Mitglied erhalten Sie das Synthesis-Heft<strong>\u00a0<\/strong>zugesandt.<\/p>\n<p><strong>Der Jahresbeitrag unseres Freundeskreises betr\u00e4gt 10,- \u20ac.<\/strong><\/p>\n<p><strong>Spenden sind nat\u00fcrlich willkommen. Eine Spendenbest\u00e4tigung schicken wir Ihnen automatisch ab einem Betrag von 50,- \u20ac.<\/strong><\/p>\n<p>Bankverbindung: <strong>Freundeskreis Alter Haller Penn\u00e4ler<\/strong><\/p>\n<p><strong>IBAN: DE45 62250030 000 5035647 ;\u00a0\u00a0 BIC: SOLADES1SHA <\/strong><\/p>\n<p>(Hinweis: Die Angabe des BIC kann entfallen, wenn die IBAN mit DE beginnt.)<\/p>\n<p>&nbsp;<\/p>\n<p><strong>Der Vorstand des Freundeskreises:<\/strong><\/p>\n<p>Frau Anja Schr\u00f6ther-Weihbrecht<\/p>\n<p>Herr Frank Nagel<\/p>\n<p>Frau Lore Knoth<\/p>\n<p>Herr Dr. Ernst Breit<\/p>\n<p>Herr Ernst Conrad<\/p>\n<p>Herr Reiner Mahl<\/p>\n<p>Herr Heinz Scheib<\/p>\n<p>Herr OStD i.R. Walter Hampele<\/p>\n<p>Herr OStD i.R. Thomas Preisendanz<\/p>\n<p>Kontakt:\u00a0<a href=\"mailto:freundeskreis@gsm-sha.de\">freundeskreis@gsm-sha.de<\/a><\/p>\n<p>F\u00fcr die ehemaligen Sch\u00fcler:\u00a0Anja Schr\u00f6ther-Weihbrecht<\/p>\n<p>F\u00fcr die Schule: Frank Nagel (Schulleiter)<\/p>\n","protected":false},"excerpt":{"rendered":"<p>Liebe Ehemalige! Unser Freundeskreis alter Haller Penn\u00e4ler e.V.,\u00a0Gymnasium bei St. Michael\u201c unterst\u00fctzt unsere alte Schule\u00a0ideell und finanziell. Er ist die beste Einrichtung, um den Kontakt von alten und jungen Sch\u00fclern aufrecht zu erhalten. Dazu brauchen wir aber Ihre Unterst\u00fctzung. Wir lassen Ihnen diesen Vordruck f\u00fcr die Beitrittserkl\u00e4rung zugehen mit der Bitte, ihn nicht zu verlegen, &hellip; <\/p>\n<p class=\"link-more\"><a href=\"https:\/\/www.freundeskreis-gsm-sha.de\/\" class=\"more-link\"><span class=\"screen-reader-text\">\u201eHome\u201c<\/span> weiterlesen<\/a><\/p>\n","protected":false},"author":1,"featured_media":0,"parent":0,"menu_order":0,"comment_status":"closed","ping_status":"closed","template":"","meta":[],"_links":{"self":[{"href":"https:\/\/www.freundeskreis-gsm-sha.de\/index.php?rest_route=\/wp\/v2\/pages\/11"}],"collection":[{"href":"https:\/\/www.freundeskreis-gsm-sha.de\/index.php?rest_route=\/wp\/v2\/pages"}],"about":[{"href":"https:\/\/www.freundeskreis-gsm-sha.de\/index.php?rest_route=\/wp\/v2\/types\/page"}],"author":[{"embeddable":true,"href":"https:\/\/www.freundeskreis-gsm-sha.de\/index.php?rest_route=\/wp\/v2\/users\/1"}],"replies":[{"embeddable":true,"href":"https:\/\/www.freundeskreis-gsm-sha.de\/index.php?rest_route=%2Fwp%2Fv2%2Fcomments&post=11"}],"version-history":[{"count":10,"href":"https:\/\/www.freundeskreis-gsm-sha.de\/index.php?rest_route=\/wp\/v2\/pages\/11\/revisions"}],"predecessor-version":[{"id":138,"href":"https:\/\/www.freundeskreis-gsm-sha.de\/index.php?rest_route=\/wp\/v2\/pages\/11\/revisions\/138"}],"wp:attachment":[{"href":"https:\/\/www.freundeskreis-gsm-sha.de\/index.php?rest_route=%2Fwp%2Fv2%2Fmedia&parent=11"}],"curies":[{"name":"wp","href":"https:\/\/api.w.org\/{rel}","templated":true}]}}